{"id":2410,"date":"2026-04-02T03:38:17","date_gmt":"2026-04-02T03:38:17","guid":{"rendered":"https:\/\/uniqueideas.shop\/?post_type=product&#038;p=2410"},"modified":"2026-04-02T03:43:54","modified_gmt":"2026-04-02T03:43:54","slug":"lote-mini-jamon-curado-minijamonero-cuchillo-1-jamon-espana","status":"publish","type":"product","link":"https:\/\/uniqueideas.shop\/es\/producto\/lote-mini-jamon-curado-minijamonero-cuchillo-1-jamon-espana\/","title":{"rendered":"Lote Mini Jam\u00f3n Curado + Minijamonero + Cuchillo 1 jamon Espa\u00f1a."},"content":{"rendered":"<div data-elementor-type=\"product-post\" data-elementor-id=\"2410\" class=\"elementor elementor-2410\" data-elementor-post-type=\"product\">\n\t\t\t\t<div class=\"elementor-element elementor-element-f63b464 e-flex e-con-boxed e-con e-parent\" data-id=\"f63b464\" data-element_type=\"container\" data-settings=\"{&quot;ekit_has_onepagescroll_dot&quot;:&quot;yes&quot;}\">\n\t\t\t\t\t<div class=\"e-con-inner\">\n\t\t\t\t<div class=\"elementor-element elementor-element-a08fdff elementor-widget elementor-widget-image\" data-id=\"a08fdff\" data-element_type=\"widget\" data-settings=\"{&quot;ekit_we_effect_on&quot;:&quot;none&quot;}\" data-widget_type=\"image.default\">\n\t\t\t\t<div class=\"elementor-widget-container\">\n\t\t\t\t\t\t\t\t\t\t\t\t\t\t\t<img fetchpriority=\"high\" decoding=\"async\" width=\"1500\" height=\"1500\" src=\"https:\/\/uniqueideas.shop\/wp-content\/uploads\/2026\/04\/8428204007489-1-17.jpg\" class=\"attachment-full size-full wp-image-2417 wvs-archive-product-image\" alt=\"\" srcset=\"https:\/\/uniqueideas.shop\/wp-content\/uploads\/2026\/04\/8428204007489-1-17.jpg 1500w, https:\/\/uniqueideas.shop\/wp-content\/uploads\/2026\/04\/8428204007489-1-17-300x300.jpg 300w, https:\/\/uniqueideas.shop\/wp-content\/uploads\/2026\/04\/8428204007489-1-17-1024x1024.jpg 1024w, https:\/\/uniqueideas.shop\/wp-content\/uploads\/2026\/04\/8428204007489-1-17-150x150.jpg 150w, https:\/\/uniqueideas.shop\/wp-content\/uploads\/2026\/04\/8428204007489-1-17-768x768.jpg 768w, https:\/\/uniqueideas.shop\/wp-content\/uploads\/2026\/04\/8428204007489-1-17-12x12.jpg 12w, https:\/\/uniqueideas.shop\/wp-content\/uploads\/2026\/04\/8428204007489-1-17-600x600.jpg 600w, https:\/\/uniqueideas.shop\/wp-content\/uploads\/2026\/04\/8428204007489-1-17-100x100.jpg 100w, https:\/\/uniqueideas.shop\/wp-content\/uploads\/2026\/04\/8428204007489-1-17-50x50.jpg 50w\" sizes=\"(max-width: 1500px) 100vw, 1500px\" \/>\t\t\t\t\t\t\t\t\t\t\t\t\t\t\t<\/div>\n\t\t\t\t<\/div>\n\t\t\t\t<div class=\"elementor-element elementor-element-27328abd elementor-widget elementor-widget-heading\" data-id=\"27328abd\" data-element_type=\"widget\" data-settings=\"{&quot;ekit_we_effect_on&quot;:&quot;none&quot;}\" data-widget_type=\"heading.default\">\n\t\t\t\t<div class=\"elementor-widget-container\">\n\t\t\t\t\t<h2 class=\"elementor-heading-title elementor-size-default\">Mini Jam\u00f3n Curado con pack de accesorios<\/h2>\t\t\t\t<\/div>\n\t\t\t\t<\/div>\n\t\t\t\t<div class=\"elementor-element elementor-element-4397e679 elementor-widget elementor-widget-text-editor\" data-id=\"4397e679\" data-element_type=\"widget\" data-settings=\"{&quot;ekit_we_effect_on&quot;:&quot;none&quot;}\" data-widget_type=\"text-editor.default\">\n\t\t\t\t<div class=\"elementor-widget-container\">\n\t\t\t\t\t\t\t\t\t<p>El Mini Jam\u00f3n Curado combina tradici\u00f3n y comodidad. Su tama\u00f1o reducido facilita su almacenamiento y consumo, mientras que el pack de accesorios incluidos hace que la experiencia sea completa y sencilla. Un cl\u00e1sico espa\u00f1ol adaptado a tu estilo de vida.<\/p>\t\t\t\t\t\t\t\t<\/div>\n\t\t\t\t<\/div>\n\t\t\t\t<div class=\"elementor-element elementor-element-6d59e1fe elementor-position-left elementor-vertical-align-middle elementor-widget elementor-widget-image-box\" data-id=\"6d59e1fe\" data-element_type=\"widget\" data-settings=\"{&quot;ekit_we_effect_on&quot;:&quot;none&quot;}\" data-widget_type=\"image-box.default\">\n\t\t\t\t<div class=\"elementor-widget-container\">\n\t\t\t\t\t<div class=\"elementor-image-box-wrapper\"><figure class=\"elementor-image-box-img\"><img decoding=\"async\" width=\"800\" height=\"653\" src=\"https:\/\/uniqueideas.shop\/wp-content\/uploads\/2026\/04\/7c2182a3e6854859a7dd313bae9a1e17_tplv-t5fjg24jzw-resize-jpeg_800_800-1.jpg\" class=\"attachment-full size-full wp-image-2418 wvs-archive-product-image\" alt=\"\" srcset=\"https:\/\/uniqueideas.shop\/wp-content\/uploads\/2026\/04\/7c2182a3e6854859a7dd313bae9a1e17_tplv-t5fjg24jzw-resize-jpeg_800_800-1.jpg 800w, https:\/\/uniqueideas.shop\/wp-content\/uploads\/2026\/04\/7c2182a3e6854859a7dd313bae9a1e17_tplv-t5fjg24jzw-resize-jpeg_800_800-1-300x245.jpg 300w, https:\/\/uniqueideas.shop\/wp-content\/uploads\/2026\/04\/7c2182a3e6854859a7dd313bae9a1e17_tplv-t5fjg24jzw-resize-jpeg_800_800-1-768x627.jpg 768w, https:\/\/uniqueideas.shop\/wp-content\/uploads\/2026\/04\/7c2182a3e6854859a7dd313bae9a1e17_tplv-t5fjg24jzw-resize-jpeg_800_800-1-15x12.jpg 15w, https:\/\/uniqueideas.shop\/wp-content\/uploads\/2026\/04\/7c2182a3e6854859a7dd313bae9a1e17_tplv-t5fjg24jzw-resize-jpeg_800_800-1-600x490.jpg 600w\" sizes=\"(max-width: 800px) 100vw, 800px\" \/><\/figure><div class=\"elementor-image-box-content\"><h3 class=\"elementor-image-box-title\">Presentaci\u00f3n del Producto<\/h3><p class=\"elementor-image-box-description\">Este Mini Jam\u00f3n Curado es un producto gourmet espa\u00f1ol de alta calidad, elaborado mediante un proceso de curado tradicional que le aporta un sabor intenso y una textura jugosa. Se presenta en formato compacto, ideal para degustaciones caseras, regalos o salidas al aire libre.<\/p><\/div><\/div>\t\t\t\t<\/div>\n\t\t\t\t<\/div>\n\t\t\t\t<div class=\"elementor-element elementor-element-36f440d5 elementor-position-right elementor-vertical-align-middle elementor-widget elementor-widget-image-box\" data-id=\"36f440d5\" data-element_type=\"widget\" data-settings=\"{&quot;ekit_we_effect_on&quot;:&quot;none&quot;}\" data-widget_type=\"image-box.default\">\n\t\t\t\t<div class=\"elementor-widget-container\">\n\t\t\t\t\t<div class=\"elementor-image-box-wrapper\"><figure class=\"elementor-image-box-img\"><img decoding=\"async\" width=\"300\" height=\"300\" src=\"https:\/\/uniqueideas.shop\/wp-content\/uploads\/2026\/04\/a3528074-6197-4c1c-9ca7-7e3857f159e6.__CR00300300_PT0_SX300_V1___.jpg\" class=\"attachment-full size-full wp-image-2419 wvs-archive-product-image\" alt=\"\" srcset=\"https:\/\/uniqueideas.shop\/wp-content\/uploads\/2026\/04\/a3528074-6197-4c1c-9ca7-7e3857f159e6.__CR00300300_PT0_SX300_V1___.jpg 300w, https:\/\/uniqueideas.shop\/wp-content\/uploads\/2026\/04\/a3528074-6197-4c1c-9ca7-7e3857f159e6.__CR00300300_PT0_SX300_V1___-150x150.jpg 150w, https:\/\/uniqueideas.shop\/wp-content\/uploads\/2026\/04\/a3528074-6197-4c1c-9ca7-7e3857f159e6.__CR00300300_PT0_SX300_V1___-12x12.jpg 12w, https:\/\/uniqueideas.shop\/wp-content\/uploads\/2026\/04\/a3528074-6197-4c1c-9ca7-7e3857f159e6.__CR00300300_PT0_SX300_V1___-100x100.jpg 100w, https:\/\/uniqueideas.shop\/wp-content\/uploads\/2026\/04\/a3528074-6197-4c1c-9ca7-7e3857f159e6.__CR00300300_PT0_SX300_V1___-50x50.jpg 50w\" sizes=\"(max-width: 300px) 100vw, 300px\" \/><\/figure><div class=\"elementor-image-box-content\"><h3 class=\"elementor-image-box-title\">Contenido y Usos del Pack<\/h3><p class=\"elementor-image-box-description\">El pack incluye accesorios completos: soporte para jam\u00f3n, cuchillo especial y utensilios de degustaci\u00f3n, listos para usar sin necesidad de preparaci\u00f3n adicional. Es perfecto como aperitivo, para acompa\u00f1ar vinos, quesos y pan, y ofrece una experiencia aut\u00e9ntica del jam\u00f3n curado espa\u00f1ol en cualquier ocasi\u00f3n.<\/p><\/div><\/div>\t\t\t\t<\/div>\n\t\t\t\t<\/div>\n\t\t\t\t<div class=\"elementor-element elementor-element-624c9821 elementor-widget elementor-widget-image\" data-id=\"624c9821\" data-element_type=\"widget\" data-settings=\"{&quot;ekit_we_effect_on&quot;:&quot;none&quot;}\" data-widget_type=\"image.default\">\n\t\t\t\t<div class=\"elementor-widget-container\">\n\t\t\t\t\t\t\t\t\t\t\t\t\t\t\t<img loading=\"lazy\" decoding=\"async\" width=\"800\" height=\"800\" src=\"https:\/\/uniqueideas.shop\/wp-content\/uploads\/2026\/04\/0076729441204a868c4c8792b3958061_tplv-t5fjg24jzw-resize-jpeg_800_800.jpg\" class=\"attachment-full size-full wp-image-2420 wvs-archive-product-image\" alt=\"\" srcset=\"https:\/\/uniqueideas.shop\/wp-content\/uploads\/2026\/04\/0076729441204a868c4c8792b3958061_tplv-t5fjg24jzw-resize-jpeg_800_800.jpg 800w, https:\/\/uniqueideas.shop\/wp-content\/uploads\/2026\/04\/0076729441204a868c4c8792b3958061_tplv-t5fjg24jzw-resize-jpeg_800_800-300x300.jpg 300w, https:\/\/uniqueideas.shop\/wp-content\/uploads\/2026\/04\/0076729441204a868c4c8792b3958061_tplv-t5fjg24jzw-resize-jpeg_800_800-150x150.jpg 150w, https:\/\/uniqueideas.shop\/wp-content\/uploads\/2026\/04\/0076729441204a868c4c8792b3958061_tplv-t5fjg24jzw-resize-jpeg_800_800-768x768.jpg 768w, https:\/\/uniqueideas.shop\/wp-content\/uploads\/2026\/04\/0076729441204a868c4c8792b3958061_tplv-t5fjg24jzw-resize-jpeg_800_800-12x12.jpg 12w, https:\/\/uniqueideas.shop\/wp-content\/uploads\/2026\/04\/0076729441204a868c4c8792b3958061_tplv-t5fjg24jzw-resize-jpeg_800_800-600x600.jpg 600w, https:\/\/uniqueideas.shop\/wp-content\/uploads\/2026\/04\/0076729441204a868c4c8792b3958061_tplv-t5fjg24jzw-resize-jpeg_800_800-100x100.jpg 100w, https:\/\/uniqueideas.shop\/wp-content\/uploads\/2026\/04\/0076729441204a868c4c8792b3958061_tplv-t5fjg24jzw-resize-jpeg_800_800-50x50.jpg 50w\" sizes=\"(max-width: 800px) 100vw, 800px\" \/>\t\t\t\t\t\t\t\t\t\t\t\t\t\t\t<\/div>\n\t\t\t\t<\/div>\n\t\t\t\t<div class=\"elementor-element elementor-element-66301a33 elementor-widget elementor-widget-image\" data-id=\"66301a33\" data-element_type=\"widget\" data-settings=\"{&quot;ekit_we_effect_on&quot;:&quot;none&quot;}\" data-widget_type=\"image.default\">\n\t\t\t\t<div class=\"elementor-widget-container\">\n\t\t\t\t\t\t\t\t\t\t\t\t\t\t\t<img loading=\"lazy\" decoding=\"async\" width=\"800\" height=\"800\" src=\"https:\/\/uniqueideas.shop\/wp-content\/uploads\/2026\/04\/c5af273a42df46f190864fe7ee30f117_tplv-t5fjg24jzw-resize-jpeg_800_800.jpg\" class=\"attachment-full size-full wp-image-2421 wvs-archive-product-image\" alt=\"\" srcset=\"https:\/\/uniqueideas.shop\/wp-content\/uploads\/2026\/04\/c5af273a42df46f190864fe7ee30f117_tplv-t5fjg24jzw-resize-jpeg_800_800.jpg 800w, https:\/\/uniqueideas.shop\/wp-content\/uploads\/2026\/04\/c5af273a42df46f190864fe7ee30f117_tplv-t5fjg24jzw-resize-jpeg_800_800-300x300.jpg 300w, https:\/\/uniqueideas.shop\/wp-content\/uploads\/2026\/04\/c5af273a42df46f190864fe7ee30f117_tplv-t5fjg24jzw-resize-jpeg_800_800-150x150.jpg 150w, https:\/\/uniqueideas.shop\/wp-content\/uploads\/2026\/04\/c5af273a42df46f190864fe7ee30f117_tplv-t5fjg24jzw-resize-jpeg_800_800-768x768.jpg 768w, https:\/\/uniqueideas.shop\/wp-content\/uploads\/2026\/04\/c5af273a42df46f190864fe7ee30f117_tplv-t5fjg24jzw-resize-jpeg_800_800-12x12.jpg 12w, https:\/\/uniqueideas.shop\/wp-content\/uploads\/2026\/04\/c5af273a42df46f190864fe7ee30f117_tplv-t5fjg24jzw-resize-jpeg_800_800-600x600.jpg 600w, https:\/\/uniqueideas.shop\/wp-content\/uploads\/2026\/04\/c5af273a42df46f190864fe7ee30f117_tplv-t5fjg24jzw-resize-jpeg_800_800-100x100.jpg 100w, https:\/\/uniqueideas.shop\/wp-content\/uploads\/2026\/04\/c5af273a42df46f190864fe7ee30f117_tplv-t5fjg24jzw-resize-jpeg_800_800-50x50.jpg 50w\" sizes=\"(max-width: 800px) 100vw, 800px\" \/>\t\t\t\t\t\t\t\t\t\t\t\t\t\t\t<\/div>\n\t\t\t\t<\/div>\n\t\t\t\t<div class=\"elementor-element elementor-element-37b061de elementor-widget elementor-widget-image\" data-id=\"37b061de\" data-element_type=\"widget\" data-settings=\"{&quot;ekit_we_effect_on&quot;:&quot;none&quot;}\" data-widget_type=\"image.default\">\n\t\t\t\t<div class=\"elementor-widget-container\">\n\t\t\t\t\t\t\t\t\t\t\t\t\t\t\t<img loading=\"lazy\" decoding=\"async\" width=\"600\" height=\"600\" src=\"https:\/\/uniqueideas.shop\/wp-content\/uploads\/2026\/04\/6f164688124a4da58c16ff673ada83e6_tplv-t5fjg24jzw-resize-jpeg_800_800-1.jpg\" class=\"attachment-full size-full wp-image-2422 wvs-archive-product-image\" alt=\"\" srcset=\"https:\/\/uniqueideas.shop\/wp-content\/uploads\/2026\/04\/6f164688124a4da58c16ff673ada83e6_tplv-t5fjg24jzw-resize-jpeg_800_800-1.jpg 600w, https:\/\/uniqueideas.shop\/wp-content\/uploads\/2026\/04\/6f164688124a4da58c16ff673ada83e6_tplv-t5fjg24jzw-resize-jpeg_800_800-1-300x300.jpg 300w, https:\/\/uniqueideas.shop\/wp-content\/uploads\/2026\/04\/6f164688124a4da58c16ff673ada83e6_tplv-t5fjg24jzw-resize-jpeg_800_800-1-150x150.jpg 150w, https:\/\/uniqueideas.shop\/wp-content\/uploads\/2026\/04\/6f164688124a4da58c16ff673ada83e6_tplv-t5fjg24jzw-resize-jpeg_800_800-1-12x12.jpg 12w, https:\/\/uniqueideas.shop\/wp-content\/uploads\/2026\/04\/6f164688124a4da58c16ff673ada83e6_tplv-t5fjg24jzw-resize-jpeg_800_800-1-100x100.jpg 100w, https:\/\/uniqueideas.shop\/wp-content\/uploads\/2026\/04\/6f164688124a4da58c16ff673ada83e6_tplv-t5fjg24jzw-resize-jpeg_800_800-1-50x50.jpg 50w\" sizes=\"(max-width: 600px) 100vw, 600px\" \/>\t\t\t\t\t\t\t\t\t\t\t\t\t\t\t<\/div>\n\t\t\t\t<\/div>\n\t\t\t\t\t<\/div>\n\t\t\t\t<\/div>\n\t\t<div class=\"elementor-element elementor-element-4c0096cd e-flex e-con-boxed e-con e-parent\" data-id=\"4c0096cd\" data-element_type=\"container\" data-settings=\"{&quot;ekit_has_onepagescroll_dot&quot;:&quot;yes&quot;}\">\n\t\t\t\t\t<div class=\"e-con-inner\">\n\t\t\t\t<div class=\"elementor-element elementor-element-7b3ca4a7 elementor-widget elementor-widget-text-editor\" data-id=\"7b3ca4a7\" data-element_type=\"widget\" data-settings=\"{&quot;ekit_we_effect_on&quot;:&quot;none&quot;}\" data-widget_type=\"text-editor.default\">\n\t\t\t\t<div class=\"elementor-widget-container\">\n\t\t\t\t\t\t\t\t\t<div class=\"elementor-widget-container\">\n Informaci\u00f3n del producto\n<div class=\"product-table\">\n<div class=\"product-row\">\n<div class=\"product-label\"><strong>Sabor y textura<\/strong><\/div>\n<div class=\"product-value\">Curado, intenso, jugoso y con textura suave<\/div>\n<\/div>\n<div class=\"product-row\">\n<div class=\"product-label\"><strong>Accesorios incluidos<\/strong><\/div>\n<div class=\"product-value\">Pack completo de accesorios para jam\u00f3n<\/div>\n<\/div>\n<div class=\"product-row\">\n<div class=\"product-label\"><strong>Peso y tama\u00f1o<\/strong><\/div>\n<div class=\"product-value\">Tama\u00f1o mini, peso compacto<\/div>\n<\/div>\n<div class=\"product-row\">\n<div class=\"product-label\"><strong>Para qui\u00e9n<\/strong><\/div>\n<div class=\"product-value\">Amantes del jam\u00f3n, adultos y familias<\/div>\n<\/div>\n<\/div>\n<style>\n.product-table {\nwidth: 100%;\nborder-top: 1px solid #000;\nfont-family: Arial, sans-serif;\n}\n.product-row {\ndisplay: flex;\nborder-bottom: 1px solid #000;\npadding: 12px 0;\n}\n.product-label {\nflex: 1;\nfont-weight: bold;\nmin-width: 200px;\npadding-right: 20px;\n}\n.product-value {\nflex: 1;\nmin-width: 200px;\n}\n<\/style>\n<\/div>\t\t\t\t\t\t\t\t<\/div>\n\t\t\t\t<\/div>\n\t\t\t\t\t<\/div>\n\t\t\t\t<\/div>\n\t\t\t\t<\/div>","protected":false},"excerpt":{"rendered":"<p>Mini Jam\u00f3n Curado con pack de accesorios El Mini Jam\u00f3n Curado combina tradici\u00f3n y comodidad. Su tama\u00f1o reducido facilita su almacenamiento y consumo, mientras que el pack de accesorios incluidos hace que la experiencia sea completa y sencilla. Un cl\u00e1sico espa\u00f1ol adaptado a tu estilo de vida. Presentaci\u00f3n del Producto Este Mini Jam\u00f3n Curado es [&hellip;]<\/p>","protected":false},"featured_media":2411,"comment_status":"open","ping_status":"closed","template":"","meta":{"_acf_changed":false},"product_brand":[],"product_cat":[35],"product_tag":[],"class_list":{"0":"post-2410","1":"product","2":"type-product","3":"status-publish","4":"has-post-thumbnail","6":"product_cat-sale","8":"first","9":"instock","10":"sale","11":"shipping-taxable","12":"purchasable","13":"product-type-simple"},"acf":[],"_links":{"self":[{"href":"https:\/\/uniqueideas.shop\/es\/wp-json\/wp\/v2\/product\/2410","targetHints":{"allow":["GET"]}}],"collection":[{"href":"https:\/\/uniqueideas.shop\/es\/wp-json\/wp\/v2\/product"}],"about":[{"href":"https:\/\/uniqueideas.shop\/es\/wp-json\/wp\/v2\/types\/product"}],"replies":[{"embeddable":true,"href":"https:\/\/uniqueideas.shop\/es\/wp-json\/wp\/v2\/comments?post=2410"}],"version-history":[{"count":4,"href":"https:\/\/uniqueideas.shop\/es\/wp-json\/wp\/v2\/product\/2410\/revisions"}],"predecessor-version":[{"id":2430,"href":"https:\/\/uniqueideas.shop\/es\/wp-json\/wp\/v2\/product\/2410\/revisions\/2430"}],"wp:featuredmedia":[{"embeddable":true,"href":"https:\/\/uniqueideas.shop\/es\/wp-json\/wp\/v2\/media\/2411"}],"wp:attachment":[{"href":"https:\/\/uniqueideas.shop\/es\/wp-json\/wp\/v2\/media?parent=2410"}],"wp:term":[{"taxonomy":"product_brand","embeddable":true,"href":"https:\/\/uniqueideas.shop\/es\/wp-json\/wp\/v2\/product_brand?post=2410"},{"taxonomy":"product_cat","embeddable":true,"href":"https:\/\/uniqueideas.shop\/es\/wp-json\/wp\/v2\/product_cat?post=2410"},{"taxonomy":"product_tag","embeddable":true,"href":"https:\/\/uniqueideas.shop\/es\/wp-json\/wp\/v2\/product_tag?post=2410"}],"curies":[{"name":"wp","href":"https:\/\/api.w.org\/{rel}","templated":true}]}}