{"id":2358,"date":"2026-02-01T02:24:55","date_gmt":"2026-02-01T02:24:55","guid":{"rendered":"https:\/\/uniqueideas.shop\/?post_type=product&#038;p=2358"},"modified":"2026-02-01T02:43:09","modified_gmt":"2026-02-01T02:43:09","slug":"baliza-v16-mas-avanzada-conectada-a-dgt-3-0-luz-emergencia-homologado-y-certificado-por-dgt","status":"publish","type":"product","link":"https:\/\/uniqueideas.shop\/es\/producto\/baliza-v16-mas-avanzada-conectada-a-dgt-3-0-luz-emergencia-homologado-y-certificado-por-dgt\/","title":{"rendered":"Baliza V16 Mas Avanzada | Conectada a DGT 3.0  | Luz Emergencia Homologado y Certificado por DGT"},"content":{"rendered":"<div data-elementor-type=\"product-post\" data-elementor-id=\"2358\" class=\"elementor elementor-2358\" data-elementor-post-type=\"product\">\n\t\t\t\t<div class=\"elementor-element elementor-element-c1723be e-flex e-con-boxed e-con e-parent\" data-id=\"c1723be\" data-element_type=\"container\" data-settings=\"{&quot;ekit_has_onepagescroll_dot&quot;:&quot;yes&quot;}\">\n\t\t\t\t\t<div class=\"e-con-inner\">\n\t\t\t\t<div class=\"elementor-element elementor-element-2677933b elementor-widget elementor-widget-text-editor\" data-id=\"2677933b\" data-element_type=\"widget\" data-settings=\"{&quot;ekit_we_effect_on&quot;:&quot;none&quot;}\" data-widget_type=\"text-editor.default\">\n\t\t\t\t<div class=\"elementor-widget-container\">\n\t\t\t\t\t\t\t\t\t<img fetchpriority=\"high\" decoding=\"async\" class=\"size-full wp-image-16805 aligncenter\" src=\"https:\/\/teal-lobster-750471.hostingersite.com\/wp-content\/uploads\/2026\/01\/fb9fc5c18d9046a295973aa131258b6d_tplv-t5fjg24jzw-resize-jpeg_800_800.jpg\" alt=\"\" width=\"800\" height=\"800\" \/> <img decoding=\"async\" class=\"size-full wp-image-16806 aligncenter\" src=\"https:\/\/teal-lobster-750471.hostingersite.com\/wp-content\/uploads\/2026\/01\/QQ_1769498236723.png\" alt=\"\" width=\"800\" height=\"800\" \/> <img decoding=\"async\" class=\"size-full wp-image-16807 aligncenter\" src=\"https:\/\/teal-lobster-750471.hostingersite.com\/wp-content\/uploads\/2026\/01\/b6d211ce1d7f4e1f9a1bdd21eec86291_tplv-t5fjg24jzw-resize-jpeg_800_800.jpg\" alt=\"\" width=\"800\" height=\"800\" \/> <img loading=\"lazy\" decoding=\"async\" class=\"size-full wp-image-16808 aligncenter\" src=\"https:\/\/teal-lobster-750471.hostingersite.com\/wp-content\/uploads\/2026\/01\/b11df99fc0aa42f7b16605c683e68ffc_tplv-t5fjg24jzw-resize-jpeg_800_800.jpg\" alt=\"\" width=\"800\" height=\"800\" \/> <img loading=\"lazy\" decoding=\"async\" class=\"size-full wp-image-16809 aligncenter\" src=\"https:\/\/teal-lobster-750471.hostingersite.com\/wp-content\/uploads\/2026\/01\/f2250ae9e14247c5b1eaa431d4704791_tplv-t5fjg24jzw-resize-jpeg_800_800.jpg\" alt=\"\" width=\"800\" height=\"800\" \/>\r\n<div class=\"elementor-widget-container\">\r\n# Informaci\u00f3n del producto\r\n<div class=\"product-table\">\r\n<div class=\"product-row\">\r\n<div class=\"product-label\">Caracter\u00edsticas especiales<\/div>\r\n<div class=\"product-value\">Versi\u00f3n m\u00e1s avanzada Baliza V16, conectada a DGT 3.0, luz de emergencia vehicular, homologada y certificada oficialmente por la DGT, alta luminosidad LED, funcionalidades actualizadas<\/div>\r\n<\/div>\r\n<div class=\"product-row\">\r\n<div class=\"product-label\"><strong>Color<\/strong><\/div>\r\n<div class=\"product-value\"><strong>Amarillo luminoso, Negro<\/strong><\/div>\r\n<\/div>\r\n<div class=\"product-row\">\r\n<div class=\"product-label\"><strong>Marca<\/strong><\/div>\r\n<div class=\"product-value\"><strong>Baliza V16<\/strong><\/div>\r\n<\/div>\r\n<div class=\"product-row\">\r\n<div class=\"product-label\"><strong>Dimensiones del producto<\/strong><\/div>\r\n<div class=\"product-value\"><strong>Dise\u00f1o compacto y ergon\u00f3mico, medidas adaptadas para uso vehicular, f\u00e1cil de almacenar<\/strong><\/div>\r\n<\/div>\r\n<div class=\"product-row\">\r\n<div class=\"product-label\"><strong>Peso del art\u00edculo<\/strong><\/div>\r\n<div class=\"product-value\"><strong>Ligero, manejable, ideal para transporte y uso emergente<\/strong><\/div>\r\n<\/div>\r\n<div class=\"product-row\">\r\n<div class=\"product-label\"><strong>Componentes incluidos<\/strong><\/div>\r\n<div class=\"product-value\"><strong>1 Baliza V16 (versi\u00f3n m\u00e1s avanzada), 1 base de sujeci\u00f3n universal, cable de carga USB-C, 1 manual de instrucciones en espa\u00f1ol, certificado de homologaci\u00f3n DGT<\/strong><\/div>\r\n<\/div>\r\n<div class=\"product-row\">\r\n<div class=\"product-label\"><strong>Fabricante<\/strong><\/div>\r\n<div class=\"product-value\"><strong>Baliza V16 Official<\/strong><\/div>\r\n<\/div>\r\n<div class=\"product-row\">\r\n<div class=\"product-label\"><strong>ASIN<\/strong><\/div>\r\n<div class=\"product-value\"><strong>B0F9XZ43MP<\/strong><\/div>\r\n<\/div>\r\n<div class=\"product-row\">\r\n<div class=\"product-label\"><strong>N\u00famero de modelo del producto<\/strong><\/div>\r\n<div class=\"product-value\"><strong>V16-DGT3.0-PRO<\/strong><\/div>\r\n<\/div>\r\n<div class=\"product-row\">\r\n<div class=\"product-label\"><strong>Opinion media de los clientes<\/strong><\/div>\r\n<div class=\"product-value\"><strong>4,9 \u2605\u2605\u2605\u2605\u2605 (1358) 4,9 de 5 estrellas<\/strong><\/div>\r\n<\/div>\r\n<div class=\"product-row\">\r\n<div class=\"product-label\"><strong>Clasificaci\u00f3n en los m\u00e1s vendidos de Amazon<\/strong><\/div>\r\n<div class=\"product-value\"><strong>n\u00ba1,892 en Accesorios para Coches y Motocicletas (Ver el Top 100 en esta categor\u00eda) n\u00ba1 en Balizas Homologadas DGT 3.0<\/strong><\/div>\r\n<\/div>\r\n<div class=\"product-row\">\r\n<div class=\"product-label\"><strong>Producto en amazon.com desde<\/strong><\/div>\r\n<div class=\"product-value\"><strong>marzo 05, 2026<\/strong><\/div>\r\n<\/div>\r\n<\/div>\r\n<style>\r\n.product-table {\r\nwidth: 100%;\r\nborder-top: 1px solid #000;\r\nfont-family: Arial, sans-serif;\r\n}\r\n.product-row {\r\ndisplay: flex;\r\nborder-bottom: 1px solid #000;\r\npadding: 12px 0;\r\n}\r\n.product-label {\r\nflex: 1;\r\nfont-weight: bold;\r\nmin-width: 200px;\r\npadding-right: 20px;\r\n}\r\n.product-value {\r\nflex: 1;\r\nmin-width: 200px;\r\n}\r\n<\/style>\t\t\t\t\t\t\t\t<\/div>\n\t\t\t\t<\/div>\n\t\t\t\t\t<\/div>\n\t\t\t\t<\/div>\n\t\t\t\t<\/div>","protected":false},"excerpt":{"rendered":"<p># Informaci\u00f3n del producto Caracter\u00edsticas especiales Versi\u00f3n m\u00e1s avanzada Baliza V16, conectada a DGT 3.0, luz de emergencia vehicular, homologada y certificada oficialmente por la DGT, alta luminosidad LED, funcionalidades actualizadas Color Amarillo luminoso, Negro Marca Baliza V16 Dimensiones del producto Dise\u00f1o compacto y ergon\u00f3mico, medidas adaptadas para uso vehicular, f\u00e1cil de almacenar Peso del [&hellip;]<\/p>","protected":false},"featured_media":2359,"comment_status":"open","ping_status":"closed","template":"","meta":{"_acf_changed":false},"product_brand":[],"product_cat":[35],"product_tag":[],"class_list":{"0":"post-2358","1":"product","2":"type-product","3":"status-publish","4":"has-post-thumbnail","6":"product_cat-sale","8":"first","9":"instock","10":"sale","11":"shipping-taxable","12":"purchasable","13":"product-type-simple"},"acf":[],"_links":{"self":[{"href":"https:\/\/uniqueideas.shop\/es\/wp-json\/wp\/v2\/product\/2358","targetHints":{"allow":["GET"]}}],"collection":[{"href":"https:\/\/uniqueideas.shop\/es\/wp-json\/wp\/v2\/product"}],"about":[{"href":"https:\/\/uniqueideas.shop\/es\/wp-json\/wp\/v2\/types\/product"}],"replies":[{"embeddable":true,"href":"https:\/\/uniqueideas.shop\/es\/wp-json\/wp\/v2\/comments?post=2358"}],"version-history":[{"count":5,"href":"https:\/\/uniqueideas.shop\/es\/wp-json\/wp\/v2\/product\/2358\/revisions"}],"predecessor-version":[{"id":2375,"href":"https:\/\/uniqueideas.shop\/es\/wp-json\/wp\/v2\/product\/2358\/revisions\/2375"}],"wp:featuredmedia":[{"embeddable":true,"href":"https:\/\/uniqueideas.shop\/es\/wp-json\/wp\/v2\/media\/2359"}],"wp:attachment":[{"href":"https:\/\/uniqueideas.shop\/es\/wp-json\/wp\/v2\/media?parent=2358"}],"wp:term":[{"taxonomy":"product_brand","embeddable":true,"href":"https:\/\/uniqueideas.shop\/es\/wp-json\/wp\/v2\/product_brand?post=2358"},{"taxonomy":"product_cat","embeddable":true,"href":"https:\/\/uniqueideas.shop\/es\/wp-json\/wp\/v2\/product_cat?post=2358"},{"taxonomy":"product_tag","embeddable":true,"href":"https:\/\/uniqueideas.shop\/es\/wp-json\/wp\/v2\/product_tag?post=2358"}],"curies":[{"name":"wp","href":"https:\/\/api.w.org\/{rel}","templated":true}]}}