{"id":2328,"date":"2026-01-24T01:14:21","date_gmt":"2026-01-24T01:14:21","guid":{"rendered":"https:\/\/uniqueideas.shop\/?post_type=product&#038;p=2328"},"modified":"2026-01-24T01:21:30","modified_gmt":"2026-01-24T01:21:30","slug":"karseell-mascarilla-capilar-para-una-hidratacion-profunda-del-cabello-reestructura-la-fibra-capilar-pelo-seco-y-danado-colageno-activo-elimina-el-frizz-500ml","status":"publish","type":"product","link":"https:\/\/uniqueideas.shop\/es\/producto\/karseell-mascarilla-capilar-para-una-hidratacion-profunda-del-cabello-reestructura-la-fibra-capilar-pelo-seco-y-danado-colageno-activo-elimina-el-frizz-500ml\/","title":{"rendered":"KARSEELL &#8211; Mascarilla Capilar para una Hidrataci\u00f3n Profunda del Cabello. Reestructura la Fibra Capilar. Pelo Seco y Da\u00f1ado. Col\u00e1geno Activo. Elimina el Frizz. 500ml."},"content":{"rendered":"<p><img fetchpriority=\"high\" decoding=\"async\" class=\"aligncenter\" src=\"https:\/\/uniqueideas.shop\/wp-content\/uploads\/2026\/01\/bd0e9cdb594fac85fe7468107b51a753-1024x420.jpg\" sizes=\"(max-width: 800px) 100vw, 800px\" srcset=\"https:\/\/uniqueideas.shop\/wp-content\/uploads\/2026\/01\/bd0e9cdb594fac85fe7468107b51a753-1024x420.jpg 1024w, https:\/\/uniqueideas.shop\/wp-content\/uploads\/2026\/01\/bd0e9cdb594fac85fe7468107b51a753-300x123.jpg 300w, https:\/\/uniqueideas.shop\/wp-content\/uploads\/2026\/01\/bd0e9cdb594fac85fe7468107b51a753-768x315.jpg 768w, https:\/\/uniqueideas.shop\/wp-content\/uploads\/2026\/01\/bd0e9cdb594fac85fe7468107b51a753-600x246.jpg 600w, https:\/\/uniqueideas.shop\/wp-content\/uploads\/2026\/01\/bd0e9cdb594fac85fe7468107b51a753.jpg 1464w\" alt=\"\" width=\"800\" height=\"328\" \/><br \/>\n<img decoding=\"async\" class=\"aligncenter\" src=\"https:\/\/uniqueideas.shop\/wp-content\/uploads\/2026\/01\/6acca36e64d7d0e76a4728ba7156cce7-1024x420.jpg\" sizes=\"(max-width: 800px) 100vw, 800px\" srcset=\"https:\/\/uniqueideas.shop\/wp-content\/uploads\/2026\/01\/6acca36e64d7d0e76a4728ba7156cce7-1024x420.jpg 1024w, https:\/\/uniqueideas.shop\/wp-content\/uploads\/2026\/01\/6acca36e64d7d0e76a4728ba7156cce7-300x123.jpg 300w, https:\/\/uniqueideas.shop\/wp-content\/uploads\/2026\/01\/6acca36e64d7d0e76a4728ba7156cce7-768x315.jpg 768w, https:\/\/uniqueideas.shop\/wp-content\/uploads\/2026\/01\/6acca36e64d7d0e76a4728ba7156cce7-600x246.jpg 600w, https:\/\/uniqueideas.shop\/wp-content\/uploads\/2026\/01\/6acca36e64d7d0e76a4728ba7156cce7.jpg 1464w\" alt=\"\" width=\"800\" height=\"328\" \/><br \/>\n<img decoding=\"async\" class=\"aligncenter\" src=\"https:\/\/uniqueideas.shop\/wp-content\/uploads\/2026\/01\/cf5b7b10aeae2ad36d5033b19a003ac4-1024x420.jpg\" sizes=\"(max-width: 800px) 100vw, 800px\" srcset=\"https:\/\/uniqueideas.shop\/wp-content\/uploads\/2026\/01\/cf5b7b10aeae2ad36d5033b19a003ac4-1024x420.jpg 1024w, https:\/\/uniqueideas.shop\/wp-content\/uploads\/2026\/01\/cf5b7b10aeae2ad36d5033b19a003ac4-300x123.jpg 300w, https:\/\/uniqueideas.shop\/wp-content\/uploads\/2026\/01\/cf5b7b10aeae2ad36d5033b19a003ac4-768x315.jpg 768w, https:\/\/uniqueideas.shop\/wp-content\/uploads\/2026\/01\/cf5b7b10aeae2ad36d5033b19a003ac4-600x246.jpg 600w, https:\/\/uniqueideas.shop\/wp-content\/uploads\/2026\/01\/cf5b7b10aeae2ad36d5033b19a003ac4.jpg 1464w\" alt=\"\" width=\"800\" height=\"328\" \/><\/p>\n<ul>\n<li>\u3010Compact Design\u3011This is a small milliliter 100ml Karseell collagen hair mask with a small capacity and volume, making it easy to carry. Specially designed for business trips and travelers.<\/li>\n<li>\u3010Deep Repair Effect\u3011Contains collagen, Moroccan nut oil, and natural herbs, which can deeply repair dry and damaged hair, making it vibrant and healthier.<\/li>\n<li>\u3010Suitable for All Hair Types\u3011Including color treated and chemically treated hair, the formula free of parabens and sulfates can nourish hair without increasing hair weight.<\/li>\n<li>\u3010Suggested Usage\u3011Simply apply it to clean and damp hair, let it sit for 5-10 minutes, and then rinse thoroughly. For optimal results, it is recommended to use a mask 1-2 times a week.<\/li>\n<li>\u3010About Karseell\u3011Karseell focuses on developing high-quality products and has always been committed to the hair care industry, bringing the best hair care products to the world.<\/li>\n<\/ul>","protected":false},"excerpt":{"rendered":"<p>\u3010Compact Design\u3011This is a small milliliter 100ml Karseell collagen hair mask with a small capacity and volume, making it easy to carry. Specially designed for business trips and travelers. \u3010Deep Repair Effect\u3011Contains collagen, Moroccan nut oil, and natural herbs, which can deeply repair dry and damaged hair, making it vibrant and healthier. \u3010Suitable for All [&hellip;]<\/p>","protected":false},"featured_media":2331,"comment_status":"open","ping_status":"closed","template":"","meta":{"_acf_changed":false},"product_brand":[],"product_cat":[35],"product_tag":[],"class_list":{"0":"post-2328","1":"product","2":"type-product","3":"status-publish","4":"has-post-thumbnail","6":"product_cat-sale","8":"first","9":"instock","10":"sale","11":"shipping-taxable","12":"purchasable","13":"product-type-variable","14":"has-default-attributes","15":"wvs-archive-product-wrapper"},"acf":[],"_links":{"self":[{"href":"https:\/\/uniqueideas.shop\/es\/wp-json\/wp\/v2\/product\/2328","targetHints":{"allow":["GET"]}}],"collection":[{"href":"https:\/\/uniqueideas.shop\/es\/wp-json\/wp\/v2\/product"}],"about":[{"href":"https:\/\/uniqueideas.shop\/es\/wp-json\/wp\/v2\/types\/product"}],"replies":[{"embeddable":true,"href":"https:\/\/uniqueideas.shop\/es\/wp-json\/wp\/v2\/comments?post=2328"}],"version-history":[{"count":4,"href":"https:\/\/uniqueideas.shop\/es\/wp-json\/wp\/v2\/product\/2328\/revisions"}],"predecessor-version":[{"id":2356,"href":"https:\/\/uniqueideas.shop\/es\/wp-json\/wp\/v2\/product\/2328\/revisions\/2356"}],"wp:featuredmedia":[{"embeddable":true,"href":"https:\/\/uniqueideas.shop\/es\/wp-json\/wp\/v2\/media\/2331"}],"wp:attachment":[{"href":"https:\/\/uniqueideas.shop\/es\/wp-json\/wp\/v2\/media?parent=2328"}],"wp:term":[{"taxonomy":"product_brand","embeddable":true,"href":"https:\/\/uniqueideas.shop\/es\/wp-json\/wp\/v2\/product_brand?post=2328"},{"taxonomy":"product_cat","embeddable":true,"href":"https:\/\/uniqueideas.shop\/es\/wp-json\/wp\/v2\/product_cat?post=2328"},{"taxonomy":"product_tag","embeddable":true,"href":"https:\/\/uniqueideas.shop\/es\/wp-json\/wp\/v2\/product_tag?post=2328"}],"curies":[{"name":"wp","href":"https:\/\/api.w.org\/{rel}","templated":true}]}}