{"id":2061,"date":"2025-12-07T03:23:24","date_gmt":"2025-12-07T03:23:24","guid":{"rendered":"https:\/\/uniqueideas.shop\/?post_type=product&#038;p=2061"},"modified":"2025-12-19T15:27:02","modified_gmt":"2025-12-19T15:27:02","slug":"2025-m15-plus-retro-game-console-built-in-game-stick-wireless-controllers-classic-game-emulator","status":"publish","type":"product","link":"https:\/\/uniqueideas.shop\/es\/producto\/2025-m15-plus-retro-game-console-built-in-game-stick-wireless-controllers-classic-game-emulator\/","title":{"rendered":"2025 M15 Plus Consola de juegos retro Construido en el juego de palo de controladores inal\u00e1mbricos emulador de juegos cl\u00e1sicos"},"content":{"rendered":"<div data-elementor-type=\"product-post\" data-elementor-id=\"2061\" class=\"elementor elementor-2061\" data-elementor-post-type=\"product\">\n\t\t\t\t<div class=\"elementor-element elementor-element-413d28e8 e-flex e-con-boxed e-con e-parent\" data-id=\"413d28e8\" data-element_type=\"container\" data-settings=\"{&quot;ekit_has_onepagescroll_dot&quot;:&quot;yes&quot;}\">\n\t\t\t\t\t<div class=\"e-con-inner\">\n\t\t\t\t<div class=\"elementor-element elementor-element-6a863b1 elementor-widget elementor-widget-image\" data-id=\"6a863b1\" data-element_type=\"widget\" data-settings=\"{&quot;ekit_we_effect_on&quot;:&quot;none&quot;}\" data-widget_type=\"image.default\">\n\t\t\t\t<div class=\"elementor-widget-container\">\n\t\t\t\t\t\t\t\t\t\t\t\t\t\t\t<img fetchpriority=\"high\" decoding=\"async\" width=\"800\" height=\"851\" src=\"https:\/\/uniqueideas.shop\/wp-content\/uploads\/2025\/12\/71X2M2jS-EL._AC_SL1500_-963x1024.webp\" class=\"attachment-large size-large wp-image-2157 wvs-archive-product-image\" alt=\"\" srcset=\"https:\/\/uniqueideas.shop\/wp-content\/uploads\/2025\/12\/71X2M2jS-EL._AC_SL1500_-963x1024.webp 963w, https:\/\/uniqueideas.shop\/wp-content\/uploads\/2025\/12\/71X2M2jS-EL._AC_SL1500_-282x300.webp 282w, https:\/\/uniqueideas.shop\/wp-content\/uploads\/2025\/12\/71X2M2jS-EL._AC_SL1500_-768x817.webp 768w, https:\/\/uniqueideas.shop\/wp-content\/uploads\/2025\/12\/71X2M2jS-EL._AC_SL1500_-11x12.webp 11w, https:\/\/uniqueideas.shop\/wp-content\/uploads\/2025\/12\/71X2M2jS-EL._AC_SL1500_-600x638.webp 600w, https:\/\/uniqueideas.shop\/wp-content\/uploads\/2025\/12\/71X2M2jS-EL._AC_SL1500_.webp 1410w\" sizes=\"(max-width: 800px) 100vw, 800px\" \/>\t\t\t\t\t\t\t\t\t\t\t\t\t\t\t<\/div>\n\t\t\t\t<\/div>\n\t\t\t\t<div class=\"elementor-element elementor-element-836c532 elementor-widget elementor-widget-image\" data-id=\"836c532\" data-element_type=\"widget\" data-settings=\"{&quot;ekit_we_effect_on&quot;:&quot;none&quot;}\" data-widget_type=\"image.default\">\n\t\t\t\t<div class=\"elementor-widget-container\">\n\t\t\t\t\t\t\t\t\t\t\t\t\t\t\t<img decoding=\"async\" width=\"800\" height=\"800\" src=\"https:\/\/uniqueideas.shop\/wp-content\/uploads\/2025\/12\/71XoWRkF64L._AC_SL1500_-1024x1024.webp\" class=\"attachment-large size-large wp-image-2159 wvs-archive-product-image\" alt=\"\" srcset=\"https:\/\/uniqueideas.shop\/wp-content\/uploads\/2025\/12\/71XoWRkF64L._AC_SL1500_-1024x1024.webp 1024w, https:\/\/uniqueideas.shop\/wp-content\/uploads\/2025\/12\/71XoWRkF64L._AC_SL1500_-300x300.webp 300w, https:\/\/uniqueideas.shop\/wp-content\/uploads\/2025\/12\/71XoWRkF64L._AC_SL1500_-150x150.webp 150w, https:\/\/uniqueideas.shop\/wp-content\/uploads\/2025\/12\/71XoWRkF64L._AC_SL1500_-768x768.webp 768w, https:\/\/uniqueideas.shop\/wp-content\/uploads\/2025\/12\/71XoWRkF64L._AC_SL1500_-12x12.webp 12w, https:\/\/uniqueideas.shop\/wp-content\/uploads\/2025\/12\/71XoWRkF64L._AC_SL1500_-600x600.webp 600w, https:\/\/uniqueideas.shop\/wp-content\/uploads\/2025\/12\/71XoWRkF64L._AC_SL1500_-100x100.webp 100w, https:\/\/uniqueideas.shop\/wp-content\/uploads\/2025\/12\/71XoWRkF64L._AC_SL1500_-50x50.webp 50w, https:\/\/uniqueideas.shop\/wp-content\/uploads\/2025\/12\/71XoWRkF64L._AC_SL1500_.webp 1500w\" sizes=\"(max-width: 800px) 100vw, 800px\" \/>\t\t\t\t\t\t\t\t\t\t\t\t\t\t\t<\/div>\n\t\t\t\t<\/div>\n\t\t\t\t<div class=\"elementor-element elementor-element-657dd54 elementor-widget elementor-widget-image\" data-id=\"657dd54\" data-element_type=\"widget\" data-settings=\"{&quot;ekit_we_effect_on&quot;:&quot;none&quot;}\" data-widget_type=\"image.default\">\n\t\t\t\t<div class=\"elementor-widget-container\">\n\t\t\t\t\t\t\t\t\t\t\t\t\t\t\t<img decoding=\"async\" width=\"800\" height=\"800\" src=\"https:\/\/uniqueideas.shop\/wp-content\/uploads\/2025\/12\/71JhftyYXzL._AC_SL1500_-1024x1024.webp\" class=\"attachment-large size-large wp-image-2156 wvs-archive-product-image\" alt=\"\" srcset=\"https:\/\/uniqueideas.shop\/wp-content\/uploads\/2025\/12\/71JhftyYXzL._AC_SL1500_-1024x1024.webp 1024w, https:\/\/uniqueideas.shop\/wp-content\/uploads\/2025\/12\/71JhftyYXzL._AC_SL1500_-300x300.webp 300w, https:\/\/uniqueideas.shop\/wp-content\/uploads\/2025\/12\/71JhftyYXzL._AC_SL1500_-150x150.webp 150w, https:\/\/uniqueideas.shop\/wp-content\/uploads\/2025\/12\/71JhftyYXzL._AC_SL1500_-768x768.webp 768w, https:\/\/uniqueideas.shop\/wp-content\/uploads\/2025\/12\/71JhftyYXzL._AC_SL1500_-12x12.webp 12w, https:\/\/uniqueideas.shop\/wp-content\/uploads\/2025\/12\/71JhftyYXzL._AC_SL1500_-600x600.webp 600w, https:\/\/uniqueideas.shop\/wp-content\/uploads\/2025\/12\/71JhftyYXzL._AC_SL1500_-100x100.webp 100w, https:\/\/uniqueideas.shop\/wp-content\/uploads\/2025\/12\/71JhftyYXzL._AC_SL1500_-50x50.webp 50w, https:\/\/uniqueideas.shop\/wp-content\/uploads\/2025\/12\/71JhftyYXzL._AC_SL1500_.webp 1500w\" sizes=\"(max-width: 800px) 100vw, 800px\" \/>\t\t\t\t\t\t\t\t\t\t\t\t\t\t\t<\/div>\n\t\t\t\t<\/div>\n\t\t\t\t<div class=\"elementor-element elementor-element-44e9e0c elementor-widget elementor-widget-image\" data-id=\"44e9e0c\" data-element_type=\"widget\" data-settings=\"{&quot;ekit_we_effect_on&quot;:&quot;none&quot;}\" data-widget_type=\"image.default\">\n\t\t\t\t<div class=\"elementor-widget-container\">\n\t\t\t\t\t\t\t\t\t\t\t\t\t\t\t<img loading=\"lazy\" decoding=\"async\" width=\"800\" height=\"800\" src=\"https:\/\/uniqueideas.shop\/wp-content\/uploads\/2025\/12\/81BDINtOSL._AC_SL1500_-1024x1024.webp\" class=\"attachment-large size-large wp-image-2160 wvs-archive-product-image\" alt=\"\" srcset=\"https:\/\/uniqueideas.shop\/wp-content\/uploads\/2025\/12\/81BDINtOSL._AC_SL1500_-1024x1024.webp 1024w, https:\/\/uniqueideas.shop\/wp-content\/uploads\/2025\/12\/81BDINtOSL._AC_SL1500_-300x300.webp 300w, https:\/\/uniqueideas.shop\/wp-content\/uploads\/2025\/12\/81BDINtOSL._AC_SL1500_-150x150.webp 150w, https:\/\/uniqueideas.shop\/wp-content\/uploads\/2025\/12\/81BDINtOSL._AC_SL1500_-768x768.webp 768w, https:\/\/uniqueideas.shop\/wp-content\/uploads\/2025\/12\/81BDINtOSL._AC_SL1500_-12x12.webp 12w, https:\/\/uniqueideas.shop\/wp-content\/uploads\/2025\/12\/81BDINtOSL._AC_SL1500_-600x600.webp 600w, https:\/\/uniqueideas.shop\/wp-content\/uploads\/2025\/12\/81BDINtOSL._AC_SL1500_-100x100.webp 100w, https:\/\/uniqueideas.shop\/wp-content\/uploads\/2025\/12\/81BDINtOSL._AC_SL1500_-50x50.webp 50w, https:\/\/uniqueideas.shop\/wp-content\/uploads\/2025\/12\/81BDINtOSL._AC_SL1500_.webp 1500w\" sizes=\"(max-width: 800px) 100vw, 800px\" \/>\t\t\t\t\t\t\t\t\t\t\t\t\t\t\t<\/div>\n\t\t\t\t<\/div>\n\t\t\t\t<div class=\"elementor-element elementor-element-68c3508 elementor-widget elementor-widget-image\" data-id=\"68c3508\" data-element_type=\"widget\" data-settings=\"{&quot;ekit_we_effect_on&quot;:&quot;none&quot;}\" data-widget_type=\"image.default\">\n\t\t\t\t<div class=\"elementor-widget-container\">\n\t\t\t\t\t\t\t\t\t\t\t\t\t\t\t<img loading=\"lazy\" decoding=\"async\" width=\"800\" height=\"800\" src=\"https:\/\/uniqueideas.shop\/wp-content\/uploads\/2025\/12\/7112lRummJL._AC_SL1500_-1024x1024.webp\" class=\"attachment-large size-large wp-image-2161 wvs-archive-product-image\" alt=\"\" srcset=\"https:\/\/uniqueideas.shop\/wp-content\/uploads\/2025\/12\/7112lRummJL._AC_SL1500_-1024x1024.webp 1024w, https:\/\/uniqueideas.shop\/wp-content\/uploads\/2025\/12\/7112lRummJL._AC_SL1500_-300x300.webp 300w, https:\/\/uniqueideas.shop\/wp-content\/uploads\/2025\/12\/7112lRummJL._AC_SL1500_-150x150.webp 150w, https:\/\/uniqueideas.shop\/wp-content\/uploads\/2025\/12\/7112lRummJL._AC_SL1500_-768x768.webp 768w, https:\/\/uniqueideas.shop\/wp-content\/uploads\/2025\/12\/7112lRummJL._AC_SL1500_-12x12.webp 12w, https:\/\/uniqueideas.shop\/wp-content\/uploads\/2025\/12\/7112lRummJL._AC_SL1500_-600x600.webp 600w, https:\/\/uniqueideas.shop\/wp-content\/uploads\/2025\/12\/7112lRummJL._AC_SL1500_-100x100.webp 100w, https:\/\/uniqueideas.shop\/wp-content\/uploads\/2025\/12\/7112lRummJL._AC_SL1500_-50x50.webp 50w, https:\/\/uniqueideas.shop\/wp-content\/uploads\/2025\/12\/7112lRummJL._AC_SL1500_.webp 1500w\" sizes=\"(max-width: 800px) 100vw, 800px\" \/>\t\t\t\t\t\t\t\t\t\t\t\t\t\t\t<\/div>\n\t\t\t\t<\/div>\n\t\t\t\t<div class=\"elementor-element elementor-element-3b19b53d elementor-widget elementor-widget-text-editor\" data-id=\"3b19b53d\" data-element_type=\"widget\" data-settings=\"{&quot;ekit_we_effect_on&quot;:&quot;none&quot;}\" data-widget_type=\"text-editor.default\">\n\t\t\t\t<div class=\"elementor-widget-container\">\n\t\t\t\t\t\t\t\t\t<ul><li>\u3010Salida HDMI y pantalla 4K HD\u3011Soporta salida de v\u00eddeo de TV 4k Ultra HD (1080p\/720p) que ofrece visuales n\u00edtidas y vibrantes. Este stick de juego 4k viene con un cable HDMI extendido, lo que lo hace compatible con una variedad de dispositivos como televisores, monitores, computadoras y proyectores.Tenga en cuenta que su pantalla debe tener un puerto de entrada HDMI para la conexi\u00f3n. Tambi\u00e9n es compatible con colecciones de juegos, puede utilizar el bot\u00f3n START durante tres segundos para coleccionar o coleccionar sus juegos favoritos<\/li><li>\u3010F\u00e1cil configuraci\u00f3n, plug and play\u3011S\u00f3lo tiene que conectar la consola retro a la interfaz del televisor, conectar el cable de datos de la fuente de alimentaci\u00f3n USB a la consola, ajustar la fuente de TV al canal de alta definici\u00f3n correspondiente para mostrar la pantalla de la lista de juegos en el televisor, y enchufar el mango a la bater\u00eda para el mando a distancia.Este stick de juego retro es el regalo de vacaciones perfecto para su marido, novio, amigos, colegas, padres o hijo en el D\u00eda del Padre, Navidad, Halloween, Acci\u00f3n de Gracias, D\u00eda de San Valent\u00edn, cumplea\u00f1os<\/li><\/ul>\t\t\t\t\t\t\t\t<\/div>\n\t\t\t\t<\/div>\n\t\t\t\t\t<\/div>\n\t\t\t\t<\/div>\n\t\t\t\t<\/div>","protected":false},"excerpt":{"rendered":"<p>\u3010HDMI Output and 4K HD Display\u3011Supports 4k Ultra HD TV video output (1080p\/720p) delivering crisp and vibrant visuals. This 4k game stick comes with an extended HDMI cable, making it compatible with a variety of devices such as TVs, monitors, computers and projectors.Please note that your screen must have an HDMI input port for connection. [&hellip;]<\/p>","protected":false},"featured_media":2062,"comment_status":"open","ping_status":"closed","template":"","meta":{"_acf_changed":false},"product_brand":[],"product_cat":[41],"product_tag":[],"class_list":{"0":"post-2061","1":"product","2":"type-product","3":"status-publish","4":"has-post-thumbnail","6":"product_cat-home-living","8":"first","9":"instock","10":"sale","11":"shipping-taxable","12":"purchasable","13":"product-type-simple"},"acf":[],"_links":{"self":[{"href":"https:\/\/uniqueideas.shop\/es\/wp-json\/wp\/v2\/product\/2061","targetHints":{"allow":["GET"]}}],"collection":[{"href":"https:\/\/uniqueideas.shop\/es\/wp-json\/wp\/v2\/product"}],"about":[{"href":"https:\/\/uniqueideas.shop\/es\/wp-json\/wp\/v2\/types\/product"}],"replies":[{"embeddable":true,"href":"https:\/\/uniqueideas.shop\/es\/wp-json\/wp\/v2\/comments?post=2061"}],"version-history":[{"count":5,"href":"https:\/\/uniqueideas.shop\/es\/wp-json\/wp\/v2\/product\/2061\/revisions"}],"predecessor-version":[{"id":2164,"href":"https:\/\/uniqueideas.shop\/es\/wp-json\/wp\/v2\/product\/2061\/revisions\/2164"}],"wp:featuredmedia":[{"embeddable":true,"href":"https:\/\/uniqueideas.shop\/es\/wp-json\/wp\/v2\/media\/2062"}],"wp:attachment":[{"href":"https:\/\/uniqueideas.shop\/es\/wp-json\/wp\/v2\/media?parent=2061"}],"wp:term":[{"taxonomy":"product_brand","embeddable":true,"href":"https:\/\/uniqueideas.shop\/es\/wp-json\/wp\/v2\/product_brand?post=2061"},{"taxonomy":"product_cat","embeddable":true,"href":"https:\/\/uniqueideas.shop\/es\/wp-json\/wp\/v2\/product_cat?post=2061"},{"taxonomy":"product_tag","embeddable":true,"href":"https:\/\/uniqueideas.shop\/es\/wp-json\/wp\/v2\/product_tag?post=2061"}],"curies":[{"name":"wp","href":"https:\/\/api.w.org\/{rel}","templated":true}]}}